{"id":509,"date":"2021-06-11T15:45:10","date_gmt":"2021-06-11T13:45:10","guid":{"rendered":"https:\/\/calandreta.establiment.fr\/ortes\/?page_id=509"},"modified":"2023-03-20T17:09:54","modified_gmt":"2023-03-20T16:09:54","slug":"listoria","status":"publish","type":"page","link":"https:\/\/ortes.establiment.fr\/?page_id=509","title":{"rendered":"L&rsquo;ist\u00f2ria"},"content":{"rendered":"\t\t<div data-elementor-type=\"wp-page\" data-elementor-id=\"509\" class=\"elementor elementor-509\">\n\t\t\t\t\t\t<section class=\"elementor-section elementor-top-section elementor-element elementor-element-07e0f24 elementor-section-boxed elementor-section-height-default elementor-section-height-default\" data-id=\"07e0f24\" data-element_type=\"section\">\n\t\t\t\t\t\t<div class=\"elementor-container elementor-column-gap-default\">\n\t\t\t\t\t<div class=\"elementor-column elementor-col-100 elementor-top-column elementor-element elementor-element-f1dff8d\" data-id=\"f1dff8d\" data-element_type=\"column\">\n\t\t\t<div class=\"elementor-widget-wrap elementor-element-populated\">\n\t\t\t\t\t\t<div class=\"elementor-element elementor-element-ada3dcb elementor-widget elementor-widget-spacer\" data-id=\"ada3dcb\" data-element_type=\"widget\" data-widget_type=\"spacer.default\">\n\t\t\t\t<div class=\"elementor-widget-container\">\n\t\t\t\t\t<div class=\"elementor-spacer\">\n\t\t\t<div class=\"elementor-spacer-inner\"><\/div>\n\t\t<\/div>\n\t\t\t\t<\/div>\n\t\t\t\t<\/div>\n\t\t\t\t\t<\/div>\n\t\t<\/div>\n\t\t\t\t\t<\/div>\n\t\t<\/section>\n\t\t\t\t<section class=\"elementor-section elementor-top-section elementor-element elementor-element-d8a3f50 elementor-section-boxed elementor-section-height-default elementor-section-height-default\" data-id=\"d8a3f50\" data-element_type=\"section\">\n\t\t\t\t\t\t<div class=\"elementor-container elementor-column-gap-default\">\n\t\t\t\t\t<div class=\"elementor-column elementor-col-100 elementor-top-column elementor-element elementor-element-89853df\" data-id=\"89853df\" data-element_type=\"column\">\n\t\t\t<div class=\"elementor-widget-wrap elementor-element-populated\">\n\t\t\t\t\t\t<div class=\"elementor-element elementor-element-5fbdc61 elementor-widget elementor-widget-text-editor\" data-id=\"5fbdc61\" data-element_type=\"widget\" data-widget_type=\"text-editor.default\">\n\t\t\t\t<div class=\"elementor-widget-container\">\n\t\t\t\t\t\t\t<h1><strong>35 ans d\u2019histoire<\/strong><\/h1>\t\t\t\t\t\t<\/div>\n\t\t\t\t<\/div>\n\t\t\t\t\t<\/div>\n\t\t<\/div>\n\t\t\t\t\t<\/div>\n\t\t<\/section>\n\t\t\t\t<section class=\"elementor-section elementor-top-section elementor-element elementor-element-0642ca6 elementor-section-boxed elementor-section-height-default elementor-section-height-default\" data-id=\"0642ca6\" data-element_type=\"section\">\n\t\t\t\t\t\t<div class=\"elementor-container elementor-column-gap-default\">\n\t\t\t\t\t<div class=\"elementor-column elementor-col-100 elementor-top-column elementor-element elementor-element-8f84ace\" data-id=\"8f84ace\" data-element_type=\"column\">\n\t\t\t<div class=\"elementor-widget-wrap elementor-element-populated\">\n\t\t\t\t\t\t<div class=\"elementor-element elementor-element-08e7af0 elementor-widget elementor-widget-text-editor\" data-id=\"08e7af0\" data-element_type=\"widget\" data-widget_type=\"text-editor.default\">\n\t\t\t\t<div class=\"elementor-widget-container\">\n\t\t\t\t\t\t\t<header class=\"entry-header\"><h1 class=\"entry-title\"><strong style=\"font-size: 16px;\">1980<\/strong><span style=\"font-size: 16px;\">\u00a0: cr\u00e9ation de la\u00a0<\/span><strong style=\"font-size: 16px;\">1\u00e8re<\/strong><span style=\"font-size: 16px;\">\u00a0<\/span><strong style=\"font-size: 16px;\">\u00e9cole Calandreta \u00e0 Pau<\/strong><span style=\"font-size: 16px;\">\u00a0par des b\u00e9arnais \u00ab\u00a0<\/span><em style=\"font-size: 16px;\">Cap e tot<\/em><span style=\"font-size: 16px;\">\u00a0\u00bb\u00a0qui voulaient que les enfants puissent apprendre dans la langue du pays et qui s\u2019inspir\u00e8rent du mod\u00e8le basque avec les Ikastolas. La m\u00eame ann\u00e9e une calandreta ouvrait \u00e0 B\u00e9ziers. Le mouvement Calandreta \u00e9tait n\u00e9<\/span><\/h1><\/header><div class=\"entry-content\"><div class=\"entry\"><p><strong>1994<\/strong>\u00a0: signature du\u00a0<strong>\u00ab\u00a0Protocole d\u2019accord\u00a0\u00bb avec l\u2019\u00c9ducation Nationale<\/strong>. Calandreta est d\u00e9sormais sous contrat d\u2019association.<\/p><p><strong>1997<\/strong>\u00a0: ouverture du\u00a0<strong>premier Coll\u00e8ge Calandreta<\/strong>\u00a0<strong>Leon C\u00f2rdas<\/strong>, pr\u00e8s de Montpellier.<\/p><p>Ainsi, au bout de 20 ans d\u2019existence, Calandreta a prolong\u00e9 cet enseignement au secondaire afin que les \u00e9l\u00e8ves aient la possibilit\u00e9 de choisir de continuer l\u2019enseignement immersif selon les principes p\u00e9dagogiques appliqu\u00e9s \u00e0 Calandreta.<\/p><p><strong>2005<\/strong>\u00a0: ouverture du\u00a0<strong>\u00ab\u00a0Coll\u00e8gi Calandreta de Gasconha\u00a0\u00bb \u00e0 Pau<\/strong>.<\/p><p><strong>Aujourd\u2019hui\u00a0<\/strong>: Calandreta c\u2019est plus de 10 \u00e9tablissements (dont un coll\u00e8ge) en B\u00e9arn et plus de 60 dans le sud de la France (\u00e9coles maternelle et primaire et trois \u00e9tablissements en secondaire).<\/p><\/div><\/div>\t\t\t\t\t\t<\/div>\n\t\t\t\t<\/div>\n\t\t\t\t\t<\/div>\n\t\t<\/div>\n\t\t\t\t\t<\/div>\n\t\t<\/section>\n\t\t\t\t<\/div>\n\t\t","protected":false},"excerpt":{"rendered":"<p>35 ans d\u2019histoire 1980\u00a0: cr\u00e9ation de la\u00a01\u00e8re\u00a0\u00e9cole Calandreta \u00e0 Pau\u00a0par des b\u00e9arnais \u00ab\u00a0Cap e tot\u00a0\u00bb\u00a0qui voulaient que les enfants puissent apprendre dans la langue du pays et qui s\u2019inspir\u00e8rent du mod\u00e8le basque avec les Ikastolas. La m\u00eame ann\u00e9e une calandreta ouvrait \u00e0 B\u00e9ziers. Le mouvement Calandreta \u00e9tait n\u00e9 1994\u00a0: signature du\u00a0\u00ab\u00a0Protocole d\u2019accord\u00a0\u00bb avec l\u2019\u00c9ducation Nationale. [&hellip;]<\/p>\n","protected":false},"author":2,"featured_media":0,"parent":0,"menu_order":0,"comment_status":"closed","ping_status":"closed","template":"","meta":{"footnotes":""},"class_list":["post-509","page","type-page","status-publish","hentry","entry"],"_links":{"self":[{"href":"https:\/\/ortes.establiment.fr\/index.php?rest_route=\/wp\/v2\/pages\/509"}],"collection":[{"href":"https:\/\/ortes.establiment.fr\/index.php?rest_route=\/wp\/v2\/pages"}],"about":[{"href":"https:\/\/ortes.establiment.fr\/index.php?rest_route=\/wp\/v2\/types\/page"}],"author":[{"embeddable":true,"href":"https:\/\/ortes.establiment.fr\/index.php?rest_route=\/wp\/v2\/users\/2"}],"replies":[{"embeddable":true,"href":"https:\/\/ortes.establiment.fr\/index.php?rest_route=%2Fwp%2Fv2%2Fcomments&post=509"}],"version-history":[{"count":19,"href":"https:\/\/ortes.establiment.fr\/index.php?rest_route=\/wp\/v2\/pages\/509\/revisions"}],"predecessor-version":[{"id":863,"href":"https:\/\/ortes.establiment.fr\/index.php?rest_route=\/wp\/v2\/pages\/509\/revisions\/863"}],"wp:attachment":[{"href":"https:\/\/ortes.establiment.fr\/index.php?rest_route=%2Fwp%2Fv2%2Fmedia&parent=509"}],"curies":[{"name":"wp","href":"https:\/\/api.w.org\/{rel}","templated":true}]}}