{"id":515,"date":"2021-06-11T15:46:25","date_gmt":"2021-06-11T13:46:25","guid":{"rendered":"https:\/\/calandreta.establiment.fr\/ortes\/?page_id=515"},"modified":"2023-03-13T18:31:36","modified_gmt":"2023-03-13T17:31:36","slug":"la-vida-associativa","status":"publish","type":"page","link":"https:\/\/ortes.establiment.fr\/?page_id=515","title":{"rendered":"La vida associativa"},"content":{"rendered":"\t\t<div data-elementor-type=\"wp-page\" data-elementor-id=\"515\" class=\"elementor elementor-515\">\n\t\t\t\t\t\t<section class=\"elementor-section elementor-top-section elementor-element elementor-element-994db9b elementor-section-boxed elementor-section-height-default elementor-section-height-default\" data-id=\"994db9b\" data-element_type=\"section\">\n\t\t\t\t\t\t<div class=\"elementor-container elementor-column-gap-default\">\n\t\t\t\t\t<div class=\"elementor-column elementor-col-100 elementor-top-column elementor-element elementor-element-c1fe602\" data-id=\"c1fe602\" data-element_type=\"column\">\n\t\t\t<div class=\"elementor-widget-wrap elementor-element-populated\">\n\t\t\t\t\t\t<div class=\"elementor-element elementor-element-e159a38 elementor-widget elementor-widget-spacer\" data-id=\"e159a38\" data-element_type=\"widget\" data-widget_type=\"spacer.default\">\n\t\t\t\t<div class=\"elementor-widget-container\">\n\t\t\t\t\t<div class=\"elementor-spacer\">\n\t\t\t<div class=\"elementor-spacer-inner\"><\/div>\n\t\t<\/div>\n\t\t\t\t<\/div>\n\t\t\t\t<\/div>\n\t\t\t\t\t<\/div>\n\t\t<\/div>\n\t\t\t\t\t<\/div>\n\t\t<\/section>\n\t\t\t\t<section class=\"elementor-section elementor-top-section elementor-element elementor-element-81064d3 elementor-section-boxed elementor-section-height-default elementor-section-height-default\" data-id=\"81064d3\" data-element_type=\"section\">\n\t\t\t\t\t\t<div class=\"elementor-container elementor-column-gap-default\">\n\t\t\t\t\t<div class=\"elementor-column elementor-col-100 elementor-top-column elementor-element elementor-element-9a469f0\" data-id=\"9a469f0\" data-element_type=\"column\">\n\t\t\t<div class=\"elementor-widget-wrap elementor-element-populated\">\n\t\t\t\t\t\t<div class=\"elementor-element elementor-element-5af7608 elementor-widget elementor-widget-heading\" data-id=\"5af7608\" data-element_type=\"widget\" data-widget_type=\"heading.default\">\n\t\t\t\t<div class=\"elementor-widget-container\">\n\t\t\t<h1 class=\"elementor-heading-title elementor-size-xl\">Un lien \u00e9troit entre l\u2019association et l\u2019\u00e9tablissement scolaire<\/h1>\t\t<\/div>\n\t\t\t\t<\/div>\n\t\t\t\t<div class=\"elementor-element elementor-element-3f274bf elementor-widget elementor-widget-text-editor\" data-id=\"3f274bf\" data-element_type=\"widget\" data-widget_type=\"text-editor.default\">\n\t\t\t\t<div class=\"elementor-widget-container\">\n\t\t\t\t\t\t\t<p><strong>L\u2019association est garante du projet Calandreta et joue un r\u00f4le de gestion<\/strong>, afin d\u2019assurer avec les enseignants le bon fonctionnement de l\u2019\u00e9cole.<\/p><p><strong>Les ressources de l\u2019association proviennent des collectivit\u00e9s locales<\/strong>\u00a0(subventions ou mise \u00e0 disposition de locaux, de mat\u00e9riel, de personnel), des adh\u00e9rents (cotisations), des actions men\u00e9es par ses membres (f\u00eates d\u2019\u00e9cole, manifestations diverses\u2026).<\/p><p><strong>Les parents d\u2019\u00e9l\u00e8ves sont membres de l\u2019association<\/strong>\u00a0et s\u2019acquittent d\u2019une cotisation annuelle.<\/p>\t\t\t\t\t\t<\/div>\n\t\t\t\t<\/div>\n\t\t\t\t\t<\/div>\n\t\t<\/div>\n\t\t\t\t\t<\/div>\n\t\t<\/section>\n\t\t\t\t<section class=\"elementor-section elementor-top-section elementor-element elementor-element-3922350 elementor-section-boxed elementor-section-height-default elementor-section-height-default\" data-id=\"3922350\" data-element_type=\"section\">\n\t\t\t\t\t\t<div class=\"elementor-container elementor-column-gap-default\">\n\t\t\t\t\t<div class=\"elementor-column elementor-col-100 elementor-top-column elementor-element elementor-element-69b99ed\" data-id=\"69b99ed\" data-element_type=\"column\">\n\t\t\t<div class=\"elementor-widget-wrap elementor-element-populated\">\n\t\t\t\t\t\t<div class=\"elementor-element elementor-element-53f5da0 elementor-widget elementor-widget-heading\" data-id=\"53f5da0\" data-element_type=\"widget\" data-widget_type=\"heading.default\">\n\t\t\t\t<div class=\"elementor-widget-container\">\n\t\t\t<h1 class=\"elementor-heading-title elementor-size-xl\">Le fonctionnement associatif<\/h1>\t\t<\/div>\n\t\t\t\t<\/div>\n\t\t\t\t\t<\/div>\n\t\t<\/div>\n\t\t\t\t\t<\/div>\n\t\t<\/section>\n\t\t\t\t<section class=\"elementor-section elementor-top-section elementor-element elementor-element-160bfc9 elementor-section-boxed elementor-section-height-default elementor-section-height-default\" data-id=\"160bfc9\" data-element_type=\"section\">\n\t\t\t\t\t\t<div class=\"elementor-container elementor-column-gap-default\">\n\t\t\t\t\t<div class=\"elementor-column elementor-col-100 elementor-top-column elementor-element elementor-element-36a783c\" data-id=\"36a783c\" data-element_type=\"column\">\n\t\t\t<div class=\"elementor-widget-wrap elementor-element-populated\">\n\t\t\t\t\t\t<div class=\"elementor-element elementor-element-ee14667 elementor-widget elementor-widget-heading\" data-id=\"ee14667\" data-element_type=\"widget\" data-widget_type=\"heading.default\">\n\t\t\t\t<div class=\"elementor-widget-container\">\n\t\t\t<h2 class=\"elementor-heading-title elementor-size-default\">Conseil d'administration<\/h2>\t\t<\/div>\n\t\t\t\t<\/div>\n\t\t\t\t<div class=\"elementor-element elementor-element-4c84348 elementor-widget elementor-widget-text-editor\" data-id=\"4c84348\" data-element_type=\"widget\" data-widget_type=\"text-editor.default\">\n\t\t\t\t<div class=\"elementor-widget-container\">\n\t\t\t\t\t\t\t<section class=\"elementor-section elementor-top-section elementor-element elementor-element-c5b8818 elementor-section-boxed elementor-section-height-default elementor-section-height-default\" data-id=\"c5b8818\" data-element_type=\"section\"><div class=\"elementor-container elementor-column-gap-default\"><div class=\"elementor-column elementor-col-100 elementor-top-column elementor-element elementor-element-bfcd756\" data-id=\"bfcd756\" data-element_type=\"column\"><div class=\"elementor-widget-wrap elementor-element-populated\"><div class=\"elementor-element elementor-element-5107a38 elementor-widget elementor-widget-text-editor\" data-id=\"5107a38\" data-element_type=\"widget\" data-widget_type=\"text-editor.default\"><div class=\"elementor-widget-container\"><p>C\u2019est l\u2019organe de d\u00e9cision et le repr\u00e9sentant de l\u2019association, qui assure le fonctionnement de l\u2019\u00e9cole.<\/p><\/div><\/div><\/div><\/div><\/div><\/section>\t\t\t\t\t\t<\/div>\n\t\t\t\t<\/div>\n\t\t\t\t\t<\/div>\n\t\t<\/div>\n\t\t\t\t\t<\/div>\n\t\t<\/section>\n\t\t\t\t<section class=\"elementor-section elementor-top-section elementor-element elementor-element-1525280 elementor-section-boxed elementor-section-height-default elementor-section-height-default\" data-id=\"1525280\" data-element_type=\"section\">\n\t\t\t\t\t\t<div class=\"elementor-container elementor-column-gap-default\">\n\t\t\t\t\t<div class=\"elementor-column elementor-col-100 elementor-top-column elementor-element elementor-element-80f8179\" data-id=\"80f8179\" data-element_type=\"column\">\n\t\t\t<div class=\"elementor-widget-wrap elementor-element-populated\">\n\t\t\t\t\t\t<div class=\"elementor-element elementor-element-6115ade elementor-widget elementor-widget-heading\" data-id=\"6115ade\" data-element_type=\"widget\" data-widget_type=\"heading.default\">\n\t\t\t\t<div class=\"elementor-widget-container\">\n\t\t\t<h2 class=\"elementor-heading-title elementor-size-default\">Assembl\u00e9e G\u00e9n\u00e9rale<\/h2>\t\t<\/div>\n\t\t\t\t<\/div>\n\t\t\t\t\t<\/div>\n\t\t<\/div>\n\t\t\t\t\t<\/div>\n\t\t<\/section>\n\t\t\t\t<section class=\"elementor-section elementor-top-section elementor-element elementor-element-934fa20 elementor-section-boxed elementor-section-height-default elementor-section-height-default\" data-id=\"934fa20\" data-element_type=\"section\">\n\t\t\t\t\t\t<div class=\"elementor-container elementor-column-gap-default\">\n\t\t\t\t\t<div class=\"elementor-column elementor-col-100 elementor-top-column elementor-element elementor-element-e4e8d64\" data-id=\"e4e8d64\" data-element_type=\"column\">\n\t\t\t<div class=\"elementor-widget-wrap elementor-element-populated\">\n\t\t\t\t\t\t<div class=\"elementor-element elementor-element-c2b8ac4 elementor-widget elementor-widget-text-editor\" data-id=\"c2b8ac4\" data-element_type=\"widget\" data-widget_type=\"text-editor.default\">\n\t\t\t\t<div class=\"elementor-widget-container\">\n\t\t\t\t\t\t\t<p>L\u2019Assembl\u00e9e G\u00e9n\u00e9rale ordinaire r\u00e9unit une fois par an les membres de l\u2019association. Elle permet de pr\u00e9senter le bilan moral et financier, ainsi que le bilan d\u2019activit\u00e9 de l\u2019\u00e9quipe p\u00e9dagogique.<\/p>\t\t\t\t\t\t<\/div>\n\t\t\t\t<\/div>\n\t\t\t\t<div class=\"elementor-element elementor-element-66812e2 elementor-widget elementor-widget-heading\" data-id=\"66812e2\" data-element_type=\"widget\" data-widget_type=\"heading.default\">\n\t\t\t\t<div class=\"elementor-widget-container\">\n\t\t\t<h2 class=\"elementor-heading-title elementor-size-default\">Commissions<\/h2>\t\t<\/div>\n\t\t\t\t<\/div>\n\t\t\t\t<div class=\"elementor-element elementor-element-19eed13 elementor-widget elementor-widget-text-editor\" data-id=\"19eed13\" data-element_type=\"widget\" data-widget_type=\"text-editor.default\">\n\t\t\t\t<div class=\"elementor-widget-container\">\n\t\t\t\t\t\t\t<p>Les commissions\u00a0ont pour but de r\u00e9fl\u00e9chir sur des th\u00e8mes pr\u00e9cis et de mettre en place des actions. Par exemple la\u00a0<strong>Commission \u00ab\u00a0Animations\u00a0\u00bb permet de mettre en place des manifestations\u00a0<\/strong>telles que la f\u00eate de l\u2019\u00e9cole, des concerts etc\u2026<\/p><p><strong>En effet, les parents sont tr\u00e8s actifs \u00e0 Calandreta<\/strong>. Ils organisent des vide-grenier, repas, estanguets, bals, conf\u00e9rences, lotos, f\u00eates etc\u2026\u00a0<strong>afin de faire vivre et conna\u00eetre leur \u00e9tablissement scolaire.<\/strong><\/p>\t\t\t\t\t\t<\/div>\n\t\t\t\t<\/div>\n\t\t\t\t\t<\/div>\n\t\t<\/div>\n\t\t\t\t\t<\/div>\n\t\t<\/section>\n\t\t\t\t<\/div>\n\t\t","protected":false},"excerpt":{"rendered":"<p>Un lien \u00e9troit entre l\u2019association et l\u2019\u00e9tablissement scolaire L\u2019association est garante du projet Calandreta et joue un r\u00f4le de gestion, afin d\u2019assurer avec les enseignants le bon fonctionnement de l\u2019\u00e9cole. Les ressources de l\u2019association proviennent des collectivit\u00e9s locales\u00a0(subventions ou mise \u00e0 disposition de locaux, de mat\u00e9riel, de personnel), des adh\u00e9rents (cotisations), des actions men\u00e9es par [&hellip;]<\/p>\n","protected":false},"author":2,"featured_media":0,"parent":0,"menu_order":0,"comment_status":"closed","ping_status":"closed","template":"","meta":{"footnotes":""},"class_list":["post-515","page","type-page","status-publish","hentry","entry"],"_links":{"self":[{"href":"https:\/\/ortes.establiment.fr\/index.php?rest_route=\/wp\/v2\/pages\/515"}],"collection":[{"href":"https:\/\/ortes.establiment.fr\/index.php?rest_route=\/wp\/v2\/pages"}],"about":[{"href":"https:\/\/ortes.establiment.fr\/index.php?rest_route=\/wp\/v2\/types\/page"}],"author":[{"embeddable":true,"href":"https:\/\/ortes.establiment.fr\/index.php?rest_route=\/wp\/v2\/users\/2"}],"replies":[{"embeddable":true,"href":"https:\/\/ortes.establiment.fr\/index.php?rest_route=%2Fwp%2Fv2%2Fcomments&post=515"}],"version-history":[{"count":16,"href":"https:\/\/ortes.establiment.fr\/index.php?rest_route=\/wp\/v2\/pages\/515\/revisions"}],"predecessor-version":[{"id":730,"href":"https:\/\/ortes.establiment.fr\/index.php?rest_route=\/wp\/v2\/pages\/515\/revisions\/730"}],"wp:attachment":[{"href":"https:\/\/ortes.establiment.fr\/index.php?rest_route=%2Fwp%2Fv2%2Fmedia&parent=515"}],"curies":[{"name":"wp","href":"https:\/\/api.w.org\/{rel}","templated":true}]}}